{"id":422,"date":"2024-04-02T22:27:24","date_gmt":"2024-04-02T22:27:24","guid":{"rendered":"https:\/\/realystore.org\/realystoreberlin\/?page_id=422"},"modified":"2024-04-02T22:27:24","modified_gmt":"2024-04-02T22:27:24","slug":"kontakt","status":"publish","type":"page","link":"https:\/\/realystore.org\/realystoreberlin\/kontakt\/","title":{"rendered":"Kontakt"},"content":{"rendered":"\n<hr class=\"wp-block-separator alignfull has-alpha-channel-opacity\"\/>\n\n\n\n<h2 class=\"wp-block-heading\">Ihr Kontakt zu uns <\/h2>\n\n\n\n<p>Hallo!<\/p>\n\n\n\n<p>Sch\u00f6n, dass du den Weg zu uns gefunden hast! Wenn du Fragen zu unseren Produkten hast, Feedback mit uns teilen m\u00f6chtest oder einen Termin vereinbaren m\u00f6chtest, bist du hier genau richtig.<\/p>\n\n\n\n<p>Um einen Termin zu vereinbaren, f\u00fclle bitte das untenstehende Formular aus und teile uns deine bevorzugten Termine mit. Wir werden unser Bestes tun, um deinen W\u00fcnschen gerecht zu werden.<\/p>\n\n\n\n<p>F\u00fcr Feedback zu unseren Produkten oder Dienstleistungen kannst du uns gerne eine Nachricht hinterlassen. Dein Input ist uns wichtig und hilft uns, unsere Qualit\u00e4t kontinuierlich zu verbessern.<\/p>\n\n\n\n<p>Wenn du Fragen zu unseren Produkten hast, z\u00f6gere nicht, uns zu kontaktieren. Unser Team steht bereit, um dir bei allen Anliegen weiterzuhelfen.<\/p>\n\n\n\n<p>Vielen Dank f\u00fcr dein Interesse an unseren Angeboten! Wir freuen uns darauf, von dir zu h\u00f6ren und dir weiterzuhelfen.<\/p>\n\n\n\n<div style=\"height:50px\" aria-hidden=\"true\" class=\"wp-block-spacer\"><\/div>\n\n\n<div class=\"wpforms-container wpforms-container-full wpforms-block wpforms-block-e7bcc0f0-766d-413b-b63a-58d209adf9ec wpforms-render-modern\" id=\"wpforms-123\"><form id=\"wpforms-form-123\" class=\"wpforms-validate wpforms-form wpforms-ajax-form\" data-formid=\"123\" method=\"post\" enctype=\"multipart\/form-data\" action=\"\/realystoreberlin\/wp-json\/wp\/v2\/pages\/422\" data-token=\"9cd61e8805882601c1dae835ce2bb85c\" data-token-time=\"1777515096\"><noscript class=\"wpforms-error-noscript\">Bitte aktiviere JavaScript in deinem Browser, um dieses Formular fertigzustellen.<\/noscript><div id=\"wpforms-error-noscript\" style=\"display: none;\">Bitte aktiviere JavaScript in deinem Browser, um dieses Formular fertigzustellen.<\/div><div class=\"wpforms-field-container\"><div id=\"wpforms-123-field_0-container\" class=\"wpforms-field wpforms-field-name\" data-field-id=\"0\"><fieldset><legend class=\"wpforms-field-label\">Name <span class=\"wpforms-required-label\" aria-hidden=\"true\">*<\/span><\/legend><div class=\"wpforms-field-row wpforms-field-medium\"><div class=\"wpforms-field-row-block wpforms-first wpforms-one-half\"><input type=\"text\" id=\"wpforms-123-field_0\" class=\"wpforms-field-name-first wpforms-field-required\" name=\"wpforms[fields][0][first]\" aria-errormessage=\"wpforms-123-field_0-error\" required><label for=\"wpforms-123-field_0\" class=\"wpforms-field-sublabel after\">Vorname<\/label><\/div><div class=\"wpforms-field-row-block wpforms-one-half\"><input type=\"text\" id=\"wpforms-123-field_0-last\" class=\"wpforms-field-name-last wpforms-field-required\" name=\"wpforms[fields][0][last]\" aria-errormessage=\"wpforms-123-field_0-last-error\" required><label for=\"wpforms-123-field_0-last\" class=\"wpforms-field-sublabel after\">Nachname<\/label><\/div><\/div><\/fieldset><\/div><div id=\"wpforms-123-field_1-container\" class=\"wpforms-field wpforms-field-email\" data-field-id=\"1\"><label class=\"wpforms-field-label\" for=\"wpforms-123-field_1\">E-Mail-Adresse <span class=\"wpforms-required-label\" aria-hidden=\"true\">*<\/span><\/label><input type=\"email\" id=\"wpforms-123-field_1\" class=\"wpforms-field-medium wpforms-field-required\" name=\"wpforms[fields][1]\" spellcheck=\"false\" aria-errormessage=\"wpforms-123-field_1-error\" required><\/div><div id=\"wpforms-123-field_3-container\" class=\"wpforms-field wpforms-field-select wpforms-field-select-style-modern\" data-field-id=\"3\"><label class=\"wpforms-field-label\" for=\"wpforms-123-field_3\">Optionen <span class=\"wpforms-required-label\" aria-hidden=\"true\">*<\/span><\/label><select id=\"wpforms-123-field_3\" class=\"wpforms-field-medium wpforms-field-required choicesjs-select\" data-size-class=\"wpforms-field-row wpforms-field-medium\" data-search-enabled=\"\" name=\"wpforms[fields][3]\" required=\"required\"><option value=\"\" class=\"placeholder\" disabled  selected='selected'>Bitte ausw\u00e4hlen<\/option><option value=\"Produkt frage\"  class=\"choice-1 depth-1\"  >Produkt frage<\/option><option value=\"Termin Anfrage\"  class=\"choice-5 depth-1\"  >Termin Anfrage<\/option><option value=\"Sonstige frage\"  class=\"choice-2 depth-1\"  >Sonstige frage<\/option><option value=\"Feedback\"  class=\"choice-4 depth-1\"  >Feedback<\/option><option value=\"V.I.P. Club Anfrage\"  class=\"choice-3 depth-1\"  >V.I.P. Club Anfrage<\/option><\/select><\/div><div id=\"wpforms-123-field_2-container\" class=\"wpforms-field wpforms-field-textarea\" data-field-id=\"2\"><label class=\"wpforms-field-label\" for=\"wpforms-123-field_2\">Kommentar oder Nachricht<\/label><textarea id=\"wpforms-123-field_2\" class=\"wpforms-field-medium\" name=\"wpforms[fields][2]\" aria-errormessage=\"wpforms-123-field_2-error\" ><\/textarea><\/div><\/div><!-- .wpforms-field-container --><div class=\"wpforms-submit-container\" ><input type=\"hidden\" name=\"wpforms[id]\" value=\"123\"><input type=\"hidden\" name=\"page_title\" value=\"\"><input type=\"hidden\" name=\"page_url\" value=\"https:\/\/realystore.org\/realystoreberlin\/wp-json\/wp\/v2\/pages\/422\"><input type=\"hidden\" name=\"url_referer\" value=\"\"><button type=\"submit\" name=\"wpforms[submit]\" id=\"wpforms-submit-123\" class=\"wpforms-submit\" data-alt-text=\"Wird gesendet\u00a0\u2026\" data-submit-text=\"Absenden\" aria-live=\"assertive\" value=\"wpforms-submit\">Absenden<\/button><img loading=\"lazy\" decoding=\"async\" src=\"https:\/\/realystore.org\/wp-content\/plugins\/wpforms-lite\/assets\/images\/submit-spin.svg\" class=\"wpforms-submit-spinner\" style=\"display: none;\" width=\"26\" height=\"26\" alt=\"Wird geladen\"><\/div><\/form><\/div>  <!-- .wpforms-container -->\n\n\n<div style=\"height:50px\" aria-hidden=\"true\" class=\"wp-block-spacer\"><\/div>\n\n\n\n<hr class=\"wp-block-separator alignfull has-alpha-channel-opacity\"\/>\n","protected":false},"excerpt":{"rendered":"<p>Ihr Kontakt zu uns Hallo! Sch\u00f6n, dass du den Weg zu uns gefunden hast! Wenn du Fragen zu unseren Produkten hast, Feedback mit uns teilen m\u00f6chtest oder einen Termin vereinbaren m\u00f6chtest, bist du hier genau richtig. Um einen Termin zu vereinbaren, f\u00fclle bitte das untenstehende Formular aus und teile uns deine bevorzugten Termine mit. Wir [&hellip;]<\/p>\n","protected":false},"author":1,"featured_media":0,"parent":0,"menu_order":0,"comment_status":"closed","ping_status":"closed","template":"page-no-title","meta":{"footnotes":""},"class_list":["post-422","page","type-page","status-publish","hentry"],"_links":{"self":[{"href":"https:\/\/realystore.org\/realystoreberlin\/wp-json\/wp\/v2\/pages\/422","targetHints":{"allow":["GET"]}}],"collection":[{"href":"https:\/\/realystore.org\/realystoreberlin\/wp-json\/wp\/v2\/pages"}],"about":[{"href":"https:\/\/realystore.org\/realystoreberlin\/wp-json\/wp\/v2\/types\/page"}],"author":[{"embeddable":true,"href":"https:\/\/realystore.org\/realystoreberlin\/wp-json\/wp\/v2\/users\/1"}],"replies":[{"embeddable":true,"href":"https:\/\/realystore.org\/realystoreberlin\/wp-json\/wp\/v2\/comments?post=422"}],"version-history":[{"count":5,"href":"https:\/\/realystore.org\/realystoreberlin\/wp-json\/wp\/v2\/pages\/422\/revisions"}],"predecessor-version":[{"id":427,"href":"https:\/\/realystore.org\/realystoreberlin\/wp-json\/wp\/v2\/pages\/422\/revisions\/427"}],"wp:attachment":[{"href":"https:\/\/realystore.org\/realystoreberlin\/wp-json\/wp\/v2\/media?parent=422"}],"curies":[{"name":"wp","href":"https:\/\/api.w.org\/{rel}","templated":true}]}}